{"id":462,"date":"2026-03-16T12:39:10","date_gmt":"2026-03-16T12:39:10","guid":{"rendered":"https:\/\/mutualami.org.ar\/mutual\/?page_id=462"},"modified":"2026-04-09T23:52:48","modified_gmt":"2026-04-09T23:52:48","slug":"app-de-beneficios","status":"publish","type":"page","link":"https:\/\/mutualami.org.ar\/mutual\/app-de-beneficios\/","title":{"rendered":"APP de Beneficios"},"content":{"rendered":"\t\t<div data-elementor-type=\"wp-page\" data-elementor-id=\"462\" class=\"elementor elementor-462\">\n\t\t\t\t<div class=\"elementor-element elementor-element-e2c7e85 e-flex e-con-boxed e-con e-parent\" data-id=\"e2c7e85\" data-element_type=\"container\" data-e-type=\"container\" data-settings=\"{&quot;background_background&quot;:&quot;classic&quot;}\">\n\t\t\t\t\t<div class=\"e-con-inner\">\n\t\t\t\t<div class=\"elementor-element elementor-element-5fd8641 elementor-invisible elementor-widget elementor-widget-heading\" data-id=\"5fd8641\" data-element_type=\"widget\" data-e-type=\"widget\" data-settings=\"{&quot;_animation&quot;:&quot;bounceInDown&quot;,&quot;_animation_delay&quot;:100}\" data-widget_type=\"heading.default\">\n\t\t\t\t<div class=\"elementor-widget-container\">\n\t\t\t\t\t<h2 class=\"elementor-heading-title elementor-size-default\">\u00a1Descubr\u00ed la App de Beneficios AMI! Tus descuentos a un Click de distancia<\/h2>\t\t\t\t<\/div>\n\t\t\t\t<\/div>\n\t\t\t\t<div class=\"elementor-element elementor-element-ffbeb69 animated-slow elementor-invisible elementor-widget elementor-widget-text-editor\" data-id=\"ffbeb69\" data-element_type=\"widget\" data-e-type=\"widget\" data-settings=\"{&quot;_animation&quot;:&quot;slideInDown&quot;,&quot;_animation_delay&quot;:100}\" data-widget_type=\"text-editor.default\">\n\t\t\t\t<div class=\"elementor-widget-container\">\n\t\t\t\t\t\t\t\t\t<p><span class=\"ng-star-inserted\" data-start-index=\"74\">La APP de Beneficios AMI est\u00e1 dise\u00f1ado para que encuentres r\u00e1pidamente lo que necesitas, maximizando tu conexi\u00f3n con los mejores prestadores y servicio.<br \/><\/span><span class=\"ng-star-inserted\" data-start-index=\"233\">\u00a0Al ser una Web App Progresiva (PWA), es totalmente liviana y r\u00e1pida:<br \/><\/span><b class=\"ng-star-inserted\" data-start-index=\"304\">No requiere descargas obligatorias ni ocupa espacio en la memoria de tu tel\u00e9fono <\/b><span class=\"ng-star-inserted\" data-start-index=\"384\">Simplemente ingresas a trav\u00e9s de un link y ya est\u00e1s listo para ahorrar<\/span><\/p>\t\t\t\t\t\t\t\t<\/div>\n\t\t\t\t<\/div>\n\t\t\t\t\t<\/div>\n\t\t\t\t<\/div>\n\t\t<div class=\"elementor-element elementor-element-63ce08b e-flex e-con-boxed e-con e-parent\" data-id=\"63ce08b\" data-element_type=\"container\" data-e-type=\"container\" data-settings=\"{&quot;background_background&quot;:&quot;classic&quot;}\">\n\t\t\t\t\t<div class=\"e-con-inner\">\n\t\t<div class=\"elementor-element elementor-element-10fc583 e-con-full e-flex e-con e-child\" data-id=\"10fc583\" data-element_type=\"container\" data-e-type=\"container\">\n\t\t\t\t<div class=\"elementor-element elementor-element-e1b29b3 animated-slow elementor-invisible elementor-widget elementor-widget-image\" data-id=\"e1b29b3\" data-element_type=\"widget\" data-e-type=\"widget\" data-settings=\"{&quot;_animation&quot;:&quot;fadeInDown&quot;}\" data-widget_type=\"image.default\">\n\t\t\t\t<div class=\"elementor-widget-container\">\n\t\t\t\t\t\t\t\t\t\t\t\t\t\t\t<img fetchpriority=\"high\" decoding=\"async\" width=\"1024\" height=\"555\" src=\"https:\/\/mutualami.org.ar\/mutual\/wp-content\/uploads\/2026\/03\/placas1-1024x555.png\" class=\"attachment-large size-large wp-image-472\" alt=\"\" srcset=\"https:\/\/mutualami.org.ar\/mutual\/wp-content\/uploads\/2026\/03\/placas1-1024x555.png 1024w, https:\/\/mutualami.org.ar\/mutual\/wp-content\/uploads\/2026\/03\/placas1-300x163.png 300w, https:\/\/mutualami.org.ar\/mutual\/wp-content\/uploads\/2026\/03\/placas1-768x416.png 768w, https:\/\/mutualami.org.ar\/mutual\/wp-content\/uploads\/2026\/03\/placas1.png 1315w\" sizes=\"(max-width: 1024px) 100vw, 1024px\" \/>\t\t\t\t\t\t\t\t\t\t\t\t\t\t\t<\/div>\n\t\t\t\t<\/div>\n\t\t\t\t<div class=\"elementor-element elementor-element-2960344 elementor-widget elementor-widget-heading\" data-id=\"2960344\" data-element_type=\"widget\" data-e-type=\"widget\" data-widget_type=\"heading.default\">\n\t\t\t\t<div class=\"elementor-widget-container\">\n\t\t\t\t\t<h2 class=\"elementor-heading-title elementor-size-default\">Ventajas y practicidad de nuestra plataforma<\/h2>\t\t\t\t<\/div>\n\t\t\t\t<\/div>\n\t\t\t\t<div class=\"elementor-element elementor-element-dfea0b4 elementor-widget elementor-widget-text-editor\" data-id=\"dfea0b4\" data-element_type=\"widget\" data-e-type=\"widget\" data-widget_type=\"text-editor.default\">\n\t\t\t\t<div class=\"elementor-widget-container\">\n\t\t\t\t\t\t\t\t\t<p><strong>Buscador Inteligente:<\/strong> No pierdas tiempo buscando. Utiliza nuestra barra de b\u00fasqueda predictiva para encontrar comercios, rubros (como farmacias o turismo) o descuentos espec\u00edficos de manera instant\u00e1nea<br \/>.<br \/><strong>Beneficios \u00abCerca de m\u00ed\u00bb:<\/strong> Activa esta funci\u00f3n en la pantalla principal para descubrir qu\u00e9 descuentos y prestadores tienes a tu alrededor en el momento exacto que los necesitas<br \/>.<br \/><strong>Navegaci\u00f3n intuitiva por Rubros:<\/strong> Explora de forma ordenada y filtra por categor\u00edas como Gastronom\u00eda y Salidas, Turismo y Recreaci\u00f3n, Belleza, Hogar y Decoraci\u00f3n, y muchas m\u00e1s<br \/>.<br \/><strong>Contacto Directo y sin fricci\u00f3n:<\/strong> Olv\u00eddate de anotar o copiar n\u00fameros. Al encontrar el beneficio que te interesa, un solo toque en el \u00edcono de WhatsApp o tel\u00e9fono abrir\u00e1 la aplicaci\u00f3n correspondiente en tu celular para que te comuniques al instante con el prestador<br \/>.<br \/><strong>Alertas en tiempo real:<\/strong> Activa las alertas desde la plataforma para ser el primero en enterarte de los nuevos beneficios y promociones que se suman al cat\u00e1logo<\/p><p><strong>\u00a0\u00bfTe encant\u00f3 la atenci\u00f3n? \u00a1Calificalos! \ud83d\udcac<\/strong><br \/>En el Club de Beneficios AMI, crecemos gracias a vos. Calificando a los comercios y profesionales, ayud\u00e1s a otros socios a elegir lo mejor y nos permit\u00eds seguir mejorando juntos. Entr\u00e1 a la secci\u00f3n del prestador y dej\u00e1 tus estrellas. \u00a1Tu voz suma!<\/p>\t\t\t\t\t\t\t\t<\/div>\n\t\t\t\t<\/div>\n\t\t\t\t<\/div>\n\t\t<div class=\"elementor-element elementor-element-dc01ff6 e-con-full e-flex e-con e-child\" data-id=\"dc01ff6\" data-element_type=\"container\" data-e-type=\"container\">\n\t\t\t\t<div class=\"elementor-element elementor-element-6e7e86a elementor-widget elementor-widget-image\" data-id=\"6e7e86a\" data-element_type=\"widget\" data-e-type=\"widget\" data-widget_type=\"image.default\">\n\t\t\t\t<div class=\"elementor-widget-container\">\n\t\t\t\t\t\t\t\t\t\t\t\t\t\t\t<img decoding=\"async\" width=\"572\" height=\"1024\" src=\"https:\/\/mutualami.org.ar\/mutual\/wp-content\/uploads\/2026\/03\/infografia-vertical-572x1024.jpg\" class=\"attachment-large size-large wp-image-467\" alt=\"\" srcset=\"https:\/\/mutualami.org.ar\/mutual\/wp-content\/uploads\/2026\/03\/infografia-vertical-572x1024.jpg 572w, https:\/\/mutualami.org.ar\/mutual\/wp-content\/uploads\/2026\/03\/infografia-vertical-167x300.jpg 167w, https:\/\/mutualami.org.ar\/mutual\/wp-content\/uploads\/2026\/03\/infografia-vertical-768x1376.jpg 768w, https:\/\/mutualami.org.ar\/mutual\/wp-content\/uploads\/2026\/03\/infografia-vertical-857x1536.jpg 857w, https:\/\/mutualami.org.ar\/mutual\/wp-content\/uploads\/2026\/03\/infografia-vertical-1143x2048.jpg 1143w, https:\/\/mutualami.org.ar\/mutual\/wp-content\/uploads\/2026\/03\/infografia-vertical-scaled.jpg 1429w\" sizes=\"(max-width: 572px) 100vw, 572px\" \/>\t\t\t\t\t\t\t\t\t\t\t\t\t\t\t<\/div>\n\t\t\t\t<\/div>\n\t\t\t\t<\/div>\n\t\t\t\t\t<\/div>\n\t\t\t\t<\/div>\n\t\t<div class=\"elementor-element elementor-element-3e2b586 e-flex e-con-boxed e-con e-parent\" data-id=\"3e2b586\" data-element_type=\"container\" data-e-type=\"container\" data-settings=\"{&quot;background_background&quot;:&quot;classic&quot;}\">\n\t\t\t\t\t<div class=\"e-con-inner\">\n\t\t\t\t<div class=\"elementor-element elementor-element-212fa23 elementor-widget elementor-widget-heading\" data-id=\"212fa23\" data-element_type=\"widget\" data-e-type=\"widget\" data-widget_type=\"heading.default\">\n\t\t\t\t<div class=\"elementor-widget-container\">\n\t\t\t\t\t<h2 class=\"elementor-heading-title elementor-size-default\"> \u00a1Hac\u00e9 que tu negocio sea el primero que vean miles de socios!<\/h2>\t\t\t\t<\/div>\n\t\t\t\t<\/div>\n\t\t\t\t<div class=\"elementor-element elementor-element-f108a2d elementor-widget elementor-widget-text-editor\" data-id=\"f108a2d\" data-element_type=\"widget\" data-e-type=\"widget\" data-widget_type=\"text-editor.default\">\n\t\t\t\t<div class=\"elementor-widget-container\">\n\t\t\t\t\t\t\t\t\t<p><strong>En el Club de Beneficios AMI, no solo te listamos:<\/strong> te damos la plataforma para que tu marca crezca. Sabemos que cada profesional y comercio tiene necesidades diferentes, por eso dise\u00f1amos formatos publicitarios flexibles que se adaptan a tu presupuesto y objetivos.<\/p><p><strong>\u00bfQuer\u00e9s una presencia s\u00f3lida?<\/strong> Nuestros Planes de Membres\u00eda (Bronce, Plata y Oro) te permiten desde tener una ficha t\u00e9cnica completa hasta dominar las b\u00fasquedas con prioridad absoluta y banners visuales que enamoran a los clientes.<\/p><p><strong>\u00bfBusc\u00e1s resultados inmediatos?<\/strong> Con nuestra Pauta Publicitaria Activa, pod\u00e9s \u00abgolpear la puerta\u00bb del usuario. Imagina que el tel\u00e9fono de miles de afiliados suene con una oferta tuya de \u00faltimo momento o que tu marca sea lo primero que vean al abrir la App.<\/p>\t\t\t\t\t\t\t\t<\/div>\n\t\t\t\t<\/div>\n\t\t\t\t<div class=\"elementor-element elementor-element-0eccdf5 elementor-widget elementor-widget-text-editor\" data-id=\"0eccdf5\" data-element_type=\"widget\" data-e-type=\"widget\" data-widget_type=\"text-editor.default\">\n\t\t\t\t<div class=\"elementor-widget-container\">\n\t\t\t\t\t\t\t\t\t<h3 data-path-to-node=\"8\">M\u00e9todos de Promoci\u00f3n y Alcance<\/h3><p data-path-to-node=\"9\">De acuerdo a la estructura de la APP, estos son los m\u00e9todos disponibles para los prestadores:<\/p><p data-path-to-node=\"10\"><b data-path-to-node=\"10\" data-index-in-node=\"0\">1. Presencia por Niveles (Fichas de Comercio):<\/b><\/p><ul data-path-to-node=\"11\"><li><p data-path-to-node=\"11,0,0\"><b data-path-to-node=\"11,0,0\" data-index-in-node=\"0\">Posicionamiento Org\u00e1nico (Plan Bronce):<\/b> Registro con datos b\u00e1sicos, descripci\u00f3n de servicios y horarios para ser encontrado por rubro.<\/p><\/li><li><p data-path-to-node=\"11,1,0\"><b data-path-to-node=\"11,1,0\" data-index-in-node=\"0\">Interactividad Directa (Plan Plata):<\/b> Implementaci\u00f3n de botones de acci\u00f3n \u00abOne-Click\u00bb (WhatsApp, llamada, redes sociales) para eliminar fricci\u00f3n en la comunicaci\u00f3n.<\/p><\/li><li><p data-path-to-node=\"11,2,0\"><b data-path-to-node=\"11,2,0\" data-index-in-node=\"0\">Dominio Visual y Prioridad (Plan Oro):<\/b> Sistema de <i data-path-to-node=\"11,2,0\" data-index-in-node=\"50\">Score Alto<\/i> para aparecer en los primeros resultados y personalizaci\u00f3n est\u00e9tica mediante Banners Propios en el perfil.<\/p><\/li><\/ul><p data-path-to-node=\"12\"><b data-path-to-node=\"12\" data-index-in-node=\"0\">2. Publicidad de Alto Impacto (Pauta Activa):<\/b><\/p><ul data-path-to-node=\"13\"><li><b data-path-to-node=\"13,0,0\" data-index-in-node=\"0\">POPUP de Inicio (Banners In-App):<span style=\"color: #ff0000;\">(Cupos Limitados)<\/span><\/b> Exposici\u00f3n m\u00e1xima Cada usuario que ingrese a la APP podr\u00e1ver su anuncio.<\/li><li><p data-path-to-node=\"13,0,0\"><b data-path-to-node=\"13,0,0\" data-index-in-node=\"0\">Carrusel de Inicio (Banners In-App): <span style=\"color: #ff0000;\">(Cupos Limitados)<\/span><\/b>\u00a0Exposici\u00f3n m\u00e1xima en la \u00abvitrina digital\u00bb de la pantalla principal, ideal para branding y tr\u00e1fico directo a la ficha del cliente.<\/p><\/li><li><p data-path-to-node=\"13,1,0\"><b data-path-to-node=\"13,1,0\" data-index-in-node=\"0\">Alertas de Proximidad y Mensajer\u00eda (Notificaciones Push):<\/b> Comunicaci\u00f3n directa al centro de notificaciones del celular. Es el m\u00e9todo m\u00e1s efectivo para promociones rel\u00e1mpago, eventos o llamados a la acci\u00f3n urgentes.<\/p><\/li><\/ul>\t\t\t\t\t\t\t\t<\/div>\n\t\t\t\t<\/div>\n\t\t\t\t\t<\/div>\n\t\t\t\t<\/div>\n\t\t\t\t<\/div>\n\t\t","protected":false},"excerpt":{"rendered":"<p>\u00a1Descubr\u00ed la App de Beneficios AMI! Tus descuentos a un Click de distancia La APP de Beneficios AMI est\u00e1 dise\u00f1ado [&hellip;]<\/p>\n","protected":false},"author":2,"featured_media":0,"parent":0,"menu_order":0,"comment_status":"closed","ping_status":"closed","template":"","meta":{"site-sidebar-layout":"no-sidebar","site-content-layout":"","ast-site-content-layout":"full-width-container","site-content-style":"default","site-sidebar-style":"default","ast-global-header-display":"","ast-banner-title-visibility":"","ast-main-header-display":"","ast-hfb-above-header-display":"","ast-hfb-below-header-display":"","ast-hfb-mobile-header-display":"","site-post-title":"","ast-breadcrumbs-content":"","ast-featured-img":"disabled","footer-sml-layout":"","ast-disable-related-posts":"","theme-transparent-header-meta":"","adv-header-id-meta":"","stick-header-meta":"","header-above-stick-meta":"","header-main-stick-meta":"","header-below-stick-meta":"","astra-migrate-meta-layouts":"default","ast-page-background-enabled":"default","ast-page-background-meta":{"desktop":{"background-color":"var(--ast-global-color-4)","background-image":"","background-repeat":"repeat","background-position":"center center","background-size":"auto","background-attachment":"scroll","background-type":"","background-media":"","overlay-type":"","overlay-color":"","overlay-opacity":"","overlay-gradient":""},"tablet":{"background-color":"","background-image":"","background-repeat":"repeat","background-position":"center center","background-size":"auto","background-attachment":"scroll","background-type":"","background-media":"","overlay-type":"","overlay-color":"","overlay-opacity":"","overlay-gradient":""},"mobile":{"background-color":"","background-image":"","background-repeat":"repeat","background-position":"center center","background-size":"auto","background-attachment":"scroll","background-type":"","background-media":"","overlay-type":"","overlay-color":"","overlay-opacity":"","overlay-gradient":""}},"ast-content-background-meta":{"desktop":{"background-color":"var(--ast-global-color-5)","background-image":"","background-repeat":"repeat","background-position":"center center","background-size":"auto","background-attachment":"scroll","background-type":"","background-media":"","overlay-type":"","overlay-color":"","overlay-opacity":"","overlay-gradient":""},"tablet":{"background-color":"var(--ast-global-color-5)","background-image":"","background-repeat":"repeat","background-position":"center center","background-size":"auto","background-attachment":"scroll","background-type":"","background-media":"","overlay-type":"","overlay-color":"","overlay-opacity":"","overlay-gradient":""},"mobile":{"background-color":"var(--ast-global-color-5)","background-image":"","background-repeat":"repeat","background-position":"center center","background-size":"auto","background-attachment":"scroll","background-type":"","background-media":"","overlay-type":"","overlay-color":"","overlay-opacity":"","overlay-gradient":""}},"footnotes":""},"class_list":["post-462","page","type-page","status-publish","hentry"],"_links":{"self":[{"href":"https:\/\/mutualami.org.ar\/mutual\/wp-json\/wp\/v2\/pages\/462","targetHints":{"allow":["GET"]}}],"collection":[{"href":"https:\/\/mutualami.org.ar\/mutual\/wp-json\/wp\/v2\/pages"}],"about":[{"href":"https:\/\/mutualami.org.ar\/mutual\/wp-json\/wp\/v2\/types\/page"}],"author":[{"embeddable":true,"href":"https:\/\/mutualami.org.ar\/mutual\/wp-json\/wp\/v2\/users\/2"}],"replies":[{"embeddable":true,"href":"https:\/\/mutualami.org.ar\/mutual\/wp-json\/wp\/v2\/comments?post=462"}],"version-history":[{"count":46,"href":"https:\/\/mutualami.org.ar\/mutual\/wp-json\/wp\/v2\/pages\/462\/revisions"}],"predecessor-version":[{"id":518,"href":"https:\/\/mutualami.org.ar\/mutual\/wp-json\/wp\/v2\/pages\/462\/revisions\/518"}],"wp:attachment":[{"href":"https:\/\/mutualami.org.ar\/mutual\/wp-json\/wp\/v2\/media?parent=462"}],"curies":[{"name":"wp","href":"https:\/\/api.w.org\/{rel}","templated":true}]}}